{"id":33708,"date":"2020-07-27T16:57:10","date_gmt":"2020-07-27T15:57:10","guid":{"rendered":"https:\/\/www.paraninfo.com\/test-portugues-online\/"},"modified":"2021-10-25T17:21:18","modified_gmt":"2021-10-25T16:21:18","slug":"test-portugues-online","status":"publish","type":"page","link":"https:\/\/www.paraninfo.com\/en\/academia-idiomas\/test-portugues-online\/","title":{"rendered":"Test de Portugu\u00e9s"},"content":{"rendered":"<div class=\"fusion-fullwidth fullwidth-box fusion-builder-row-1 nonhundred-percent-fullwidth non-hundred-percent-height-scrolling\" style=\"--awb-border-radius-top-left:0px;--awb-border-radius-top-right:0px;--awb-border-radius-bottom-right:0px;--awb-border-radius-bottom-left:0px;--awb-padding-top:0px;--awb-padding-right:0px;--awb-padding-bottom:0px;--awb-padding-left:0px;--awb-margin-top:0px;--awb-margin-bottom:0px;--awb-flex-wrap:wrap;\" ><div class=\"fusion-builder-row fusion-row\"><div class=\"fusion-layout-column fusion_builder_column fusion-builder-column-0 fusion_builder_column_1_1 1_1 fusion-one-full fusion-column-first fusion-column-last\" style=\"--awb-bg-size:cover;--awb-margin-top:0px;--awb-margin-bottom:0px;\"><div class=\"fusion-column-wrapper fusion-column-has-shadow fusion-flex-column-wrapper-legacy\"><div class=\"fusion-title title fusion-title-1 fusion-sep-none fusion-title-center fusion-title-text fusion-title-size-one\" style=\"--awb-margin-top:40px;--awb-margin-bottom:0px;--awb-margin-top-small:20px;--awb-margin-right-small:0px;--awb-margin-bottom-small:0px;--awb-margin-left-small:0px;\"><h1 class=\"fusion-title-heading title-heading-center fusion-responsive-typography-calculated\" style=\"margin:0;--fontSize:105;line-height:1;\">Test de Portugu\u00e9s Online<\/h1><\/div><script type=\"text\/javascript\" src=\"https:\/\/form.jotform.com\/jsform\/202082454577356\"><\/script><div class=\"fusion-clearfix\"><\/div><\/div><\/div><\/div><\/div>\n","protected":false},"excerpt":{"rendered":"","protected":false},"author":1,"featured_media":0,"parent":33724,"menu_order":0,"comment_status":"closed","ping_status":"closed","template":"","meta":{"footnotes":""},"class_list":["post-33708","page","type-page","status-publish","hentry"],"yoast_head":"<!-- This site is optimized with the Yoast SEO plugin v27.4 - https:\/\/yoast.com\/product\/yoast-seo-wordpress\/ -->\n<title>Test de Portugu\u00e9s Online - Academia de Idiomas Paraninfo<\/title>\n<meta name=\"description\" content=\"Test de portugu\u00e9s online. Averigua tu nivel en el instante con Paraninfo, la academia de idiomas l\u00edder.\" \/>\n<meta name=\"robots\" content=\"index, follow, max-snippet:-1, max-image-preview:large, max-video-preview:-1\" \/>\n<link rel=\"canonical\" href=\"https:\/\/www.paraninfo.com\/en\/academia-idiomas\/test-portugues-online\/\" \/>\n<meta property=\"og:locale\" content=\"en_US\" \/>\n<meta property=\"og:type\" content=\"article\" \/>\n<meta property=\"og:title\" content=\"Test de Portugu\u00e9s Online - Academia de Idiomas Paraninfo\" \/>\n<meta property=\"og:description\" content=\"Test de portugu\u00e9s online. Averigua tu nivel en el instante con Paraninfo, la academia de idiomas l\u00edder.\" \/>\n<meta property=\"og:url\" content=\"https:\/\/www.paraninfo.com\/en\/academia-idiomas\/test-portugues-online\/\" \/>\n<meta property=\"og:site_name\" content=\"Academia Paraninfo\" \/>\n<meta property=\"article:publisher\" content=\"https:\/\/www.facebook.com\/pages\/Paraninfo-Best-Language-School-Madrid\/148620935194841\" \/>\n<meta property=\"article:modified_time\" content=\"2021-10-25T16:21:18+00:00\" \/>\n<meta name=\"twitter:card\" content=\"summary_large_image\" \/>\n<meta name=\"twitter:site\" content=\"@acadparaninfo\" \/>\n<meta name=\"twitter:label1\" content=\"Est. reading time\" \/>\n\t<meta name=\"twitter:data1\" content=\"3 minutes\" \/>\n<script type=\"application\/ld+json\" class=\"yoast-schema-graph\">{\"@context\":\"https:\\\/\\\/schema.org\",\"@graph\":[{\"@type\":\"WebPage\",\"@id\":\"https:\\\/\\\/www.paraninfo.com\\\/en\\\/academia-idiomas\\\/test-portugues-online\\\/\",\"url\":\"https:\\\/\\\/www.paraninfo.com\\\/en\\\/academia-idiomas\\\/test-portugues-online\\\/\",\"name\":\"Test de Portugu\u00e9s Online - Academia de Idiomas Paraninfo\",\"isPartOf\":{\"@id\":\"https:\\\/\\\/www.paraninfo.com\\\/en\\\/#website\"},\"datePublished\":\"2020-07-27T15:57:10+00:00\",\"dateModified\":\"2021-10-25T16:21:18+00:00\",\"description\":\"Test de portugu\u00e9s online. Averigua tu nivel en el instante con Paraninfo, la academia de idiomas l\u00edder.\",\"breadcrumb\":{\"@id\":\"https:\\\/\\\/www.paraninfo.com\\\/en\\\/academia-idiomas\\\/test-portugues-online\\\/#breadcrumb\"},\"inLanguage\":\"en-US\",\"potentialAction\":[{\"@type\":\"ReadAction\",\"target\":[\"https:\\\/\\\/www.paraninfo.com\\\/en\\\/academia-idiomas\\\/test-portugues-online\\\/\"]}]},{\"@type\":\"BreadcrumbList\",\"@id\":\"https:\\\/\\\/www.paraninfo.com\\\/en\\\/academia-idiomas\\\/test-portugues-online\\\/#breadcrumb\",\"itemListElement\":[{\"@type\":\"ListItem\",\"position\":1,\"name\":\"Portada\",\"item\":\"https:\\\/\\\/www.paraninfo.com\\\/en\\\/\"},{\"@type\":\"ListItem\",\"position\":2,\"name\":\"Academia de idiomas\",\"item\":\"https:\\\/\\\/www.paraninfo.com\\\/en\\\/academia-idiomas\\\/\"},{\"@type\":\"ListItem\",\"position\":3,\"name\":\"Test de Portugu\u00e9s\"}]},{\"@type\":\"WebSite\",\"@id\":\"https:\\\/\\\/www.paraninfo.com\\\/en\\\/#website\",\"url\":\"https:\\\/\\\/www.paraninfo.com\\\/en\\\/\",\"name\":\"Academia Paraninfo\",\"description\":\"Otro sitio realizado con WordPress\",\"publisher\":{\"@id\":\"https:\\\/\\\/www.paraninfo.com\\\/en\\\/#organization\"},\"potentialAction\":[{\"@type\":\"SearchAction\",\"target\":{\"@type\":\"EntryPoint\",\"urlTemplate\":\"https:\\\/\\\/www.paraninfo.com\\\/en\\\/?s={search_term_string}\"},\"query-input\":{\"@type\":\"PropertyValueSpecification\",\"valueRequired\":true,\"valueName\":\"search_term_string\"}}],\"inLanguage\":\"en-US\"},{\"@type\":\"Organization\",\"@id\":\"https:\\\/\\\/www.paraninfo.com\\\/en\\\/#organization\",\"name\":\"Academia Paraninfo\",\"url\":\"https:\\\/\\\/www.paraninfo.com\\\/en\\\/\",\"logo\":{\"@type\":\"ImageObject\",\"inLanguage\":\"en-US\",\"@id\":\"https:\\\/\\\/www.paraninfo.com\\\/en\\\/#\\\/schema\\\/logo\\\/image\\\/\",\"url\":\"https:\\\/\\\/www.paraninfo.com\\\/wp-content\\\/uploads\\\/logo-header-paraninfo.png\",\"contentUrl\":\"https:\\\/\\\/www.paraninfo.com\\\/wp-content\\\/uploads\\\/logo-header-paraninfo.png\",\"width\":254,\"height\":60,\"caption\":\"Academia Paraninfo\"},\"image\":{\"@id\":\"https:\\\/\\\/www.paraninfo.com\\\/en\\\/#\\\/schema\\\/logo\\\/image\\\/\"},\"sameAs\":[\"https:\\\/\\\/www.facebook.com\\\/pages\\\/Paraninfo-Best-Language-School-Madrid\\\/148620935194841\",\"https:\\\/\\\/x.com\\\/acadparaninfo\",\"https:\\\/\\\/www.instagram.com\\\/academiaparaninfo\\\/?hl=es\",\"https:\\\/\\\/www.pinterest.es\\\/paraninfoschool\\\/\"]}]}<\/script>\n<!-- \/ Yoast SEO plugin. -->","yoast_head_json":{"title":"Test de Portugu\u00e9s Online - Academia de Idiomas Paraninfo","description":"Test de portugu\u00e9s online. Averigua tu nivel en el instante con Paraninfo, la academia de idiomas l\u00edder.","robots":{"index":"index","follow":"follow","max-snippet":"max-snippet:-1","max-image-preview":"max-image-preview:large","max-video-preview":"max-video-preview:-1"},"canonical":"https:\/\/www.paraninfo.com\/en\/academia-idiomas\/test-portugues-online\/","og_locale":"en_US","og_type":"article","og_title":"Test de Portugu\u00e9s Online - Academia de Idiomas Paraninfo","og_description":"Test de portugu\u00e9s online. Averigua tu nivel en el instante con Paraninfo, la academia de idiomas l\u00edder.","og_url":"https:\/\/www.paraninfo.com\/en\/academia-idiomas\/test-portugues-online\/","og_site_name":"Academia Paraninfo","article_publisher":"https:\/\/www.facebook.com\/pages\/Paraninfo-Best-Language-School-Madrid\/148620935194841","article_modified_time":"2021-10-25T16:21:18+00:00","twitter_card":"summary_large_image","twitter_site":"@acadparaninfo","twitter_misc":{"Est. reading time":"3 minutes"},"schema":{"@context":"https:\/\/schema.org","@graph":[{"@type":"WebPage","@id":"https:\/\/www.paraninfo.com\/en\/academia-idiomas\/test-portugues-online\/","url":"https:\/\/www.paraninfo.com\/en\/academia-idiomas\/test-portugues-online\/","name":"Test de Portugu\u00e9s Online - Academia de Idiomas Paraninfo","isPartOf":{"@id":"https:\/\/www.paraninfo.com\/en\/#website"},"datePublished":"2020-07-27T15:57:10+00:00","dateModified":"2021-10-25T16:21:18+00:00","description":"Test de portugu\u00e9s online. Averigua tu nivel en el instante con Paraninfo, la academia de idiomas l\u00edder.","breadcrumb":{"@id":"https:\/\/www.paraninfo.com\/en\/academia-idiomas\/test-portugues-online\/#breadcrumb"},"inLanguage":"en-US","potentialAction":[{"@type":"ReadAction","target":["https:\/\/www.paraninfo.com\/en\/academia-idiomas\/test-portugues-online\/"]}]},{"@type":"BreadcrumbList","@id":"https:\/\/www.paraninfo.com\/en\/academia-idiomas\/test-portugues-online\/#breadcrumb","itemListElement":[{"@type":"ListItem","position":1,"name":"Portada","item":"https:\/\/www.paraninfo.com\/en\/"},{"@type":"ListItem","position":2,"name":"Academia de idiomas","item":"https:\/\/www.paraninfo.com\/en\/academia-idiomas\/"},{"@type":"ListItem","position":3,"name":"Test de Portugu\u00e9s"}]},{"@type":"WebSite","@id":"https:\/\/www.paraninfo.com\/en\/#website","url":"https:\/\/www.paraninfo.com\/en\/","name":"Academia Paraninfo","description":"Otro sitio realizado con WordPress","publisher":{"@id":"https:\/\/www.paraninfo.com\/en\/#organization"},"potentialAction":[{"@type":"SearchAction","target":{"@type":"EntryPoint","urlTemplate":"https:\/\/www.paraninfo.com\/en\/?s={search_term_string}"},"query-input":{"@type":"PropertyValueSpecification","valueRequired":true,"valueName":"search_term_string"}}],"inLanguage":"en-US"},{"@type":"Organization","@id":"https:\/\/www.paraninfo.com\/en\/#organization","name":"Academia Paraninfo","url":"https:\/\/www.paraninfo.com\/en\/","logo":{"@type":"ImageObject","inLanguage":"en-US","@id":"https:\/\/www.paraninfo.com\/en\/#\/schema\/logo\/image\/","url":"https:\/\/www.paraninfo.com\/wp-content\/uploads\/logo-header-paraninfo.png","contentUrl":"https:\/\/www.paraninfo.com\/wp-content\/uploads\/logo-header-paraninfo.png","width":254,"height":60,"caption":"Academia Paraninfo"},"image":{"@id":"https:\/\/www.paraninfo.com\/en\/#\/schema\/logo\/image\/"},"sameAs":["https:\/\/www.facebook.com\/pages\/Paraninfo-Best-Language-School-Madrid\/148620935194841","https:\/\/x.com\/acadparaninfo","https:\/\/www.instagram.com\/academiaparaninfo\/?hl=es","https:\/\/www.pinterest.es\/paraninfoschool\/"]}]}},"_links":{"self":[{"href":"https:\/\/www.paraninfo.com\/en\/wp-json\/wp\/v2\/pages\/33708","targetHints":{"allow":["GET"]}}],"collection":[{"href":"https:\/\/www.paraninfo.com\/en\/wp-json\/wp\/v2\/pages"}],"about":[{"href":"https:\/\/www.paraninfo.com\/en\/wp-json\/wp\/v2\/types\/page"}],"author":[{"embeddable":true,"href":"https:\/\/www.paraninfo.com\/en\/wp-json\/wp\/v2\/users\/1"}],"replies":[{"embeddable":true,"href":"https:\/\/www.paraninfo.com\/en\/wp-json\/wp\/v2\/comments?post=33708"}],"version-history":[{"count":0,"href":"https:\/\/www.paraninfo.com\/en\/wp-json\/wp\/v2\/pages\/33708\/revisions"}],"up":[{"embeddable":true,"href":"https:\/\/www.paraninfo.com\/en\/wp-json\/wp\/v2\/pages\/33724"}],"wp:attachment":[{"href":"https:\/\/www.paraninfo.com\/en\/wp-json\/wp\/v2\/media?parent=33708"}],"curies":[{"name":"wp","href":"https:\/\/api.w.org\/{rel}","templated":true}]}}