{"id":33912,"date":"2019-04-17T11:02:26","date_gmt":"2019-04-17T10:02:26","guid":{"rendered":"https:\/\/www.paraninfo.com\/niveles-oficiales-idiomas\/"},"modified":"2021-10-25T17:16:05","modified_gmt":"2021-10-25T16:16:05","slug":"niveles-oficiales-idiomas","status":"publish","type":"page","link":"https:\/\/www.paraninfo.com\/en\/niveles-oficiales-idiomas\/","title":{"rendered":"Niveles de Idiomas"},"content":{"rendered":"<p><div class=\"fusion-fullwidth fullwidth-box fusion-builder-row-1 nonhundred-percent-fullwidth non-hundred-percent-height-scrolling fusion-no-small-visibility ancho-contenido\" style=\"--awb-border-radius-top-left:0px;--awb-border-radius-top-right:0px;--awb-border-radius-bottom-right:0px;--awb-border-radius-bottom-left:0px;--awb-margin-top:30px;--awb-flex-wrap:wrap;\" ><div class=\"fusion-builder-row fusion-row\"><div class=\"fusion-layout-column fusion_builder_column fusion-builder-column-0 fusion_builder_column_1_1 1_1 fusion-one-full fusion-column-first fusion-column-last\" style=\"--awb-bg-size:cover;\"><div class=\"fusion-column-wrapper fusion-column-has-shadow fusion-flex-column-wrapper-legacy\"><div class=\"icono-separador\">\n<i class=\"fas fa-chart-bar fa-lg\"><\/i>\n<\/div><div class=\"fusion-clearfix\"><\/div><\/div><\/div><\/div><\/div><div class=\"fusion-fullwidth fullwidth-box fusion-builder-row-2 nonhundred-percent-fullwidth non-hundred-percent-height-scrolling ancho-contenido\" style=\"--awb-border-radius-top-left:0px;--awb-border-radius-top-right:0px;--awb-border-radius-bottom-right:0px;--awb-border-radius-bottom-left:0px;--awb-flex-wrap:wrap;\" ><div class=\"fusion-builder-row fusion-row\"><div class=\"fusion-layout-column fusion_builder_column fusion-builder-column-1 fusion_builder_column_1_1 1_1 fusion-one-full fusion-column-first fusion-column-last\" style=\"--awb-bg-size:cover;\"><div class=\"fusion-column-wrapper fusion-column-has-shadow fusion-flex-column-wrapper-legacy\"><div class=\"fusion-title title fusion-title-1 fusion-sep-none fusion-title-center fusion-title-text fusion-title-size-one\" style=\"--awb-margin-right-small:0px;--awb-margin-left-small:0px;\"><h1 class=\"fusion-title-heading title-heading-center fusion-responsive-typography-calculated\" style=\"--fontSize:105;line-height:1;\">Niveles de las clases de\u00a0idiomas<\/h1><\/div><div class=\"fusion-clearfix\"><\/div><\/div><\/div><\/div><\/div><div class=\"fusion-fullwidth fullwidth-box fusion-builder-row-3 nonhundred-percent-fullwidth non-hundred-percent-height-scrolling ancho-contenido\" style=\"--awb-background-position:center top;--awb-border-radius-top-left:0px;--awb-border-radius-top-right:0px;--awb-border-radius-bottom-right:0px;--awb-border-radius-bottom-left:0px;--awb-padding-top:0px;--awb-padding-right:0px;--awb-padding-bottom:0px;--awb-padding-left:0px;--awb-flex-wrap:wrap;\" ><div class=\"fusion-builder-row fusion-row\"><div class=\"fusion-layout-column fusion_builder_column fusion-builder-column-2 fusion_builder_column_1_1 1_1 fusion-one-full fusion-column-first fusion-column-last toggle-niveles-cont\" style=\"--awb-bg-size:cover;\"><div class=\"fusion-column-wrapper fusion-column-has-shadow fusion-flex-column-wrapper-legacy\"><div class=\"fusion-text fusion-text-1\" style=\"--awb-text-transform:none;\"><p>Conocer los niveles de idiomas que existen en la actualidad es fundamental para poder saber en qu\u00e9 punto nos encontramos respecto a nuestra evoluci\u00f3n en el aprendizaje de una lengua concreta, y en qu\u00e9 debemos mejorar. Paraninfo\u00a0te ofrece la prueba de nivel gratuita, tanto presencial como telef\u00f3nica.<\/p>\n<p>En Europa, el sistema que define y explica los diferentes niveles de expresi\u00f3n y comprensi\u00f3n oral y escrita es el Marco Com\u00fan Europeo de Referencia para las Lenguas (MCERL). El <a href=\"https:\/\/www.cambridgeenglish.org\/es\/exams-and-tests\/cefr\/\" target=\"_blank\" rel=\"noopener noreferrer\">MCERL<\/a> comprende 6 niveles comunes de referencia para todos los idiomas: tres bloques (nivel b\u00e1sico o A, independiente o B y competente o C), que se dividen a su vez en dos subniveles, 1 y 2.<\/p>\n<p>Para estudiantes o personas que necesitan certificar su nivel en un determinado idiomas para estudiar, trabajar o solicitar una beca en el extranjero, el MCERL les permite comparar la puntuaci\u00f3n o nivel obtenidos en ex\u00e1menes como Cambridge, IELTS o Aptis con el que les exigir\u00e1n en instituciones de ense\u00f1anza o empresas internacionales.<\/p>\n<\/div><div class=\"fusion-title title fusion-title-2 fusion-sep-none fusion-title-center fusion-title-text fusion-title-size-three\" style=\"--awb-margin-right-small:0px;--awb-margin-left-small:0px;\"><h3 class=\"fusion-title-heading title-heading-center fusion-responsive-typography-calculated\" style=\"--fontSize:40;line-height:1;\">Niveles de las clases de idiomas seg\u00fan el\u00a0MCERL<\/h3><\/div><div class=\"accordian fusion-accordian toggle-niveles\" style=\"--awb-border-size:1px;--awb-icon-size:26px;--awb-content-font-size:18px;--awb-icon-alignment:left;--awb-hover-color:#f9f9f9;--awb-border-color:#cccccc;--awb-background-color:#ffffff;--awb-divider-color:#e0dede;--awb-divider-hover-color:#e0dede;--awb-icon-color:var(--color-idiomas);--awb-title-color:#0290e2;--awb-content-color:#515151;--awb-icon-box-color:#333333;--awb-toggle-hover-accent-color:#0074d9;--awb-title-font-family:&quot;Roboto Condensed&quot;;--awb-title-font-weight:700;--awb-title-font-style:normal;--awb-title-font-size:200%;--awb-content-font-family:&quot;CircularStd-Book&quot;;--awb-content-font-style:normal;--awb-content-font-weight:400;\"><div class=\"panel-group fusion-toggle-icon-unboxed\" id=\"accordion-33912-1\"><div class=\"fusion-panel panel-default panel-35bab537ee6f7868f fusion-toggle-no-divider fusion-toggle-boxed-mode\"><div class=\"panel-heading\"><h4 class=\"panel-title toggle\" id=\"toggle_35bab537ee6f7868f\"><a aria-expanded=\"false\" aria-controls=\"35bab537ee6f7868f\" role=\"button\" data-toggle=\"collapse\" data-target=\"#35bab537ee6f7868f\" href=\"#35bab537ee6f7868f\"><span class=\"fusion-toggle-icon-wrapper\" aria-hidden=\"true\"><i class=\"fa-fusion-box active-icon awb-icon-minus\" aria-hidden=\"true\"><\/i><i class=\"fa-fusion-box inactive-icon awb-icon-plus\" aria-hidden=\"true\"><\/i><\/span><span class=\"fusion-toggle-heading\">Nivel A1<\/span><\/a><\/h4><\/div><div id=\"35bab537ee6f7868f\" class=\"panel-collapse collapse \" aria-labelledby=\"toggle_35bab537ee6f7868f\"><div class=\"panel-body toggle-content fusion-clearfix\">\n<p>Es capaz de comprender y utilizar expresiones cotidianas de uso muy frecuente as\u00ed como frases sencillas destinadas a satisfacer necesidades de tipo inmediato. Puede presentarse a s\u00ed mismo y a otros, pedir y dar informaci\u00f3n personal b\u00e1sica sobre su domicilio, sus pertenencias y las personas que conoce. Puede relacionarse de forma elemental siempre que su interlocutor hable despacio y con claridad y est\u00e9 dispuesto a cooperar.<\/p>\n<\/div><\/div><\/div><div class=\"fusion-panel panel-default panel-0fa405457f5a34f8a fusion-toggle-no-divider fusion-toggle-boxed-mode\"><div class=\"panel-heading\"><h4 class=\"panel-title toggle\" id=\"toggle_0fa405457f5a34f8a\"><a aria-expanded=\"false\" aria-controls=\"0fa405457f5a34f8a\" role=\"button\" data-toggle=\"collapse\" data-target=\"#0fa405457f5a34f8a\" href=\"#0fa405457f5a34f8a\"><span class=\"fusion-toggle-icon-wrapper\" aria-hidden=\"true\"><i class=\"fa-fusion-box active-icon awb-icon-minus\" aria-hidden=\"true\"><\/i><i class=\"fa-fusion-box inactive-icon awb-icon-plus\" aria-hidden=\"true\"><\/i><\/span><span class=\"fusion-toggle-heading\">Nivel A2<\/span><\/a><\/h4><\/div><div id=\"0fa405457f5a34f8a\" class=\"panel-collapse collapse \" aria-labelledby=\"toggle_0fa405457f5a34f8a\"><div class=\"panel-body toggle-content fusion-clearfix\">\n<p>Es capaz de comprender frases y expresiones de uso frecuente relacionadas con \u00e1reas de experiencia que le son especialmente relevantes (informaci\u00f3n b\u00e1sica sobre s\u00ed mismo y su familia, compras, lugares de inter\u00e9s, ocupaciones, etc.). Sabe comunicarse a la hora de llevar a cabo tareas simples y cotidianas que no requieran m\u00e1s que intercambios sencillos y directos de informaci\u00f3n sobre cuestiones que le son conocidas o habituales. Sabe describir en t\u00e9rminos sencillos aspectos de su pasado y su entorno as\u00ed como cuestiones relacionadas con sus necesidades inmediatas.<\/p>\n<\/div><\/div><\/div><div class=\"fusion-panel panel-default panel-7ce4de348d7a856ed fusion-toggle-no-divider fusion-toggle-boxed-mode\"><div class=\"panel-heading\"><h4 class=\"panel-title toggle\" id=\"toggle_7ce4de348d7a856ed\"><a aria-expanded=\"false\" aria-controls=\"7ce4de348d7a856ed\" role=\"button\" data-toggle=\"collapse\" data-target=\"#7ce4de348d7a856ed\" href=\"#7ce4de348d7a856ed\"><span class=\"fusion-toggle-icon-wrapper\" aria-hidden=\"true\"><i class=\"fa-fusion-box active-icon awb-icon-minus\" aria-hidden=\"true\"><\/i><i class=\"fa-fusion-box inactive-icon awb-icon-plus\" aria-hidden=\"true\"><\/i><\/span><span class=\"fusion-toggle-heading\">Nivel B1<\/span><\/a><\/h4><\/div><div id=\"7ce4de348d7a856ed\" class=\"panel-collapse collapse \" aria-labelledby=\"toggle_7ce4de348d7a856ed\"><div class=\"panel-body toggle-content fusion-clearfix\">\n<p>Es capaz de comprender los puntos principales de textos claros y en lengua est\u00e1ndar si tratan sobre cuestiones que le son conocidas, ya sea en situaciones de trabajo, de estudio o de ocio. Sabe desenvolverse en la mayor parte de las situaciones que pueden surgir durante un viaje por zonas donde se utiliza la lengua. Es capaz de producir textos sencillos y coherentes sobre temas que le son familiares o en los que tiene un inter\u00e9s personal. Puede describir experiencias, acontecimientos, deseos y aspiraciones, as\u00ed como justificar brevemente sus opiniones o explicar sus planes.<\/p>\n<\/div><\/div><\/div><div class=\"fusion-panel panel-default panel-acf6c3a4bd82c7fba fusion-toggle-no-divider fusion-toggle-boxed-mode\"><div class=\"panel-heading\"><h4 class=\"panel-title toggle\" id=\"toggle_acf6c3a4bd82c7fba\"><a aria-expanded=\"false\" aria-controls=\"acf6c3a4bd82c7fba\" role=\"button\" data-toggle=\"collapse\" data-target=\"#acf6c3a4bd82c7fba\" href=\"#acf6c3a4bd82c7fba\"><span class=\"fusion-toggle-icon-wrapper\" aria-hidden=\"true\"><i class=\"fa-fusion-box active-icon awb-icon-minus\" aria-hidden=\"true\"><\/i><i class=\"fa-fusion-box inactive-icon awb-icon-plus\" aria-hidden=\"true\"><\/i><\/span><span class=\"fusion-toggle-heading\">Nivel B2<\/span><\/a><\/h4><\/div><div id=\"acf6c3a4bd82c7fba\" class=\"panel-collapse collapse \" aria-labelledby=\"toggle_acf6c3a4bd82c7fba\"><div class=\"panel-body toggle-content fusion-clearfix\">\n<p>Es capaz de entender las ideas principales de textos complejos que traten de temas tanto concretos como abstractos, incluso si son de car\u00e1cter t\u00e9cnico siempre que est\u00e9n dentro de su campo de especializaci\u00f3n. Puede relacionarse con hablantes nativos con un grado suficiente de fluidez y naturalidad de modo que la comunicaci\u00f3n se realice sin esfuerzo por parte de ninguno de los interlocutores. Puede producir textos claros y detallados sobre temas diversos as\u00ed como defender un punto de vista sobre temas generales indicando los pros y los contras de las distintas opciones.<\/p>\n<\/div><\/div><\/div><div class=\"fusion-panel panel-default panel-5f48057052779a1bf fusion-toggle-no-divider fusion-toggle-boxed-mode\"><div class=\"panel-heading\"><h4 class=\"panel-title toggle\" id=\"toggle_5f48057052779a1bf\"><a aria-expanded=\"false\" aria-controls=\"5f48057052779a1bf\" role=\"button\" data-toggle=\"collapse\" data-target=\"#5f48057052779a1bf\" href=\"#5f48057052779a1bf\"><span class=\"fusion-toggle-icon-wrapper\" aria-hidden=\"true\"><i class=\"fa-fusion-box active-icon awb-icon-minus\" aria-hidden=\"true\"><\/i><i class=\"fa-fusion-box inactive-icon awb-icon-plus\" aria-hidden=\"true\"><\/i><\/span><span class=\"fusion-toggle-heading\">Nivel C1<\/span><\/a><\/h4><\/div><div id=\"5f48057052779a1bf\" class=\"panel-collapse collapse \" aria-labelledby=\"toggle_5f48057052779a1bf\"><div class=\"panel-body toggle-content fusion-clearfix\">\n<p>Es capaz de comprender una amplia variedad de textos extensos y con cierto nivel de exigencia, as\u00ed como reconocer en ellos sentidos impl\u00edcitos. Sabe expresarse de forma fluida y espont\u00e1nea sin muestras muy evidentes de esfuerzo para encontrar la expresi\u00f3n adecuada. Puede hacer un uso flexible y efectivo del idioma para fines sociales, acad\u00e9micos y profesionales. Puede producir textos claros, bien estructurados y detallados sobre temas de cierta complejidad, mostrando un uso correcto de los mecanismos de organizaci\u00f3n, articulaci\u00f3n y cohesi\u00f3n del texto.<\/p>\n<\/div><\/div><\/div><div class=\"fusion-panel panel-default panel-792cbdb3f6a0ddf6b fusion-toggle-no-divider fusion-toggle-boxed-mode\"><div class=\"panel-heading\"><h4 class=\"panel-title toggle\" id=\"toggle_792cbdb3f6a0ddf6b\"><a aria-expanded=\"false\" aria-controls=\"792cbdb3f6a0ddf6b\" role=\"button\" data-toggle=\"collapse\" data-target=\"#792cbdb3f6a0ddf6b\" href=\"#792cbdb3f6a0ddf6b\"><span class=\"fusion-toggle-icon-wrapper\" aria-hidden=\"true\"><i class=\"fa-fusion-box active-icon awb-icon-minus\" aria-hidden=\"true\"><\/i><i class=\"fa-fusion-box inactive-icon awb-icon-plus\" aria-hidden=\"true\"><\/i><\/span><span class=\"fusion-toggle-heading\">Nivel C2<\/span><\/a><\/h4><\/div><div id=\"792cbdb3f6a0ddf6b\" class=\"panel-collapse collapse \" aria-labelledby=\"toggle_792cbdb3f6a0ddf6b\"><div class=\"panel-body toggle-content fusion-clearfix\">\n<p>Es capaz de comprender con facilidad pr\u00e1cticamente todo lo que oye o lee. Sabe reconstruir la informaci\u00f3n y los argumentos procedentes de diversas fuentes, ya sean en lengua hablada o escrita, y presentarlos de manera coherente y resumida. Puede expresarse espont\u00e1neamente, con gran fluidez y con un grado de precisi\u00f3n que le permite diferenciar peque\u00f1os matices de significado incluso en situaciones de mayor complejidad.<\/p>\n<\/div><\/div><\/div><\/div><\/div><div class=\"fusion-title title fusion-title-3 fusion-sep-none fusion-title-center fusion-title-text fusion-title-size-two\" style=\"--awb-margin-right-small:0px;--awb-margin-left-small:0px;\"><h2 class=\"fusion-title-heading title-heading-center fusion-responsive-typography-calculated\" style=\"--fontSize:50;line-height:1;\">Niveles de ingl\u00e9s y equivalencia de los\u00a0certificados<\/h2><\/div><div class=\"fusion-image-element fusion-image-align-center in-legacy-container\" style=\"text-align:center;--awb-max-width:600px;--awb-caption-title-font-family:var(--h2_typography-font-family);--awb-caption-title-font-weight:var(--h2_typography-font-weight);--awb-caption-title-font-style:var(--h2_typography-font-style);--awb-caption-title-size:var(--h2_typography-font-size);--awb-caption-title-transform:var(--h2_typography-text-transform);--awb-caption-title-line-height:var(--h2_typography-line-height);--awb-caption-title-letter-spacing:var(--h2_typography-letter-spacing);\"><div class=\"imageframe-align-center\"><span class=\" fusion-imageframe imageframe-glow imageframe-1 hover-type-none\" style=\"-webkit-box-shadow: 0 0 3px rgba(0,0,0,0.3);box-shadow: 0 0 3px rgba(0,0,0,0.3);\"><img decoding=\"async\" width=\"938\" height=\"489\" alt=\"English certificates\" title=\"Languages English Table Certificates and Levels\" src=\"https:\/\/www.paraninfo.com\/wp-content\/uploads\/idiomas-ingles-niveles-certificados.jpg\" data-orig-src=\"https:\/\/www.paraninfo.com\/wp-content\/uploads\/idiomas-ingles-niveles-certificados.jpg\" class=\"lazyload img-responsive wp-image-14756\" srcset=\"data:image\/svg+xml,%3Csvg%20xmlns%3D%27http%3A%2F%2Fwww.w3.org%2F2000%2Fsvg%27%20width%3D%27938%27%20height%3D%27489%27%20viewBox%3D%270%200%20938%20489%27%3E%3Crect%20width%3D%27938%27%20height%3D%27489%27%20fill-opacity%3D%220%22%2F%3E%3C%2Fsvg%3E\" data-srcset=\"https:\/\/www.paraninfo.com\/wp-content\/uploads\/idiomas-ingles-niveles-certificados-200x104.jpg 200w, https:\/\/www.paraninfo.com\/wp-content\/uploads\/idiomas-ingles-niveles-certificados-400x209.jpg 400w, https:\/\/www.paraninfo.com\/wp-content\/uploads\/idiomas-ingles-niveles-certificados-600x313.jpg 600w, https:\/\/www.paraninfo.com\/wp-content\/uploads\/idiomas-ingles-niveles-certificados-800x417.jpg 800w, https:\/\/www.paraninfo.com\/wp-content\/uploads\/idiomas-ingles-niveles-certificados.jpg 938w\" data-sizes=\"auto\" data-orig-sizes=\"(max-width: 800px) 100vw, 938px\" \/><\/span><\/div><\/div><div class=\"fusion-title title fusion-title-4 fusion-sep-none fusion-title-center fusion-title-text fusion-title-size-two\" style=\"--awb-margin-right-small:0px;--awb-margin-left-small:0px;\"><h2 class=\"fusion-title-heading title-heading-center fusion-responsive-typography-calculated\" style=\"--fontSize:50;line-height:1;\">Niveles y equivalencias del sistema educativo\u00a0espa\u00f1ol<\/h2><\/div><div class=\"fusion-text fusion-text-2\"><p><strong>Nivel de Ingl\u00e9s de Primaria:<\/strong> La ley educativa espa\u00f1ola dice que tras acabar la etapa de educaci\u00f3n primaria el alumno tiene (o deber\u00eda tener) un <strong>nivel A1 de ingl\u00e9s<\/strong>, es decir un nivel b\u00e1sico.<\/p>\n<p><strong>Nivel de Ingl\u00e9s de la ESO (Educaci\u00f3n Secundaria Obligatoria):<\/strong> en el sistema educativo espa\u00f1ol, la LOMCE dice que tras acabar la etapa de la <strong>educaci\u00f3n secundaria obligatoria (ESO)<\/strong> el alumno debe tener como m\u00ednimo un <strong>nivel A2 de ingl\u00e9s<\/strong>, que se corresponde con el <strong>examen del KET (nivel bajo)<\/strong>.<\/p>\n<p><strong>Nivel de Ingl\u00e9s de Bachillerato:<\/strong> seg\u00fan la Ley Org\u00e1nica de Mejora de la Calidad Educativa (<strong>LOMCE<\/strong>), tras haber superado el <strong>bachillerato<\/strong> el alumno tiene un <strong>nivel de ingl\u00e9s B1<\/strong>, seg\u00fan el marco europeo de referencia para lenguas.<\/p>\n<\/div><div class=\"fusion-clearfix\"><\/div><\/div><\/div><\/div><\/div><\/p>\n","protected":false},"excerpt":{"rendered":"","protected":false},"author":1,"featured_media":0,"parent":0,"menu_order":0,"comment_status":"closed","ping_status":"closed","template":"","meta":{"footnotes":""},"class_list":["post-33912","page","type-page","status-publish","hentry"],"yoast_head":"<!-- This site is optimized with the Yoast SEO plugin v27.4 - https:\/\/yoast.com\/product\/yoast-seo-wordpress\/ -->\n<title>Niveles de las clases de idiomas MCERL - Academia Paraninfo<\/title>\n<meta name=\"description\" content=\"Niveles de las clases de idiomas utilizados por Academia Paraninfo en cursos de idiomas, seg\u00fan el baremo oficial del MCER.\" \/>\n<meta name=\"robots\" content=\"index, follow, max-snippet:-1, max-image-preview:large, max-video-preview:-1\" \/>\n<link rel=\"canonical\" href=\"https:\/\/www.paraninfo.com\/en\/niveles-oficiales-idiomas\/\" \/>\n<meta property=\"og:locale\" content=\"en_US\" \/>\n<meta property=\"og:type\" content=\"article\" \/>\n<meta property=\"og:title\" content=\"Niveles de las clases de idiomas MCERL - Academia Paraninfo\" \/>\n<meta property=\"og:description\" content=\"Niveles de las clases de idiomas utilizados por Academia Paraninfo en cursos de idiomas, seg\u00fan el baremo oficial del MCER.\" \/>\n<meta property=\"og:url\" content=\"https:\/\/www.paraninfo.com\/en\/niveles-oficiales-idiomas\/\" \/>\n<meta property=\"og:site_name\" content=\"Academia Paraninfo\" \/>\n<meta property=\"article:publisher\" content=\"https:\/\/www.facebook.com\/pages\/Paraninfo-Best-Language-School-Madrid\/148620935194841\" \/>\n<meta property=\"article:modified_time\" content=\"2021-10-25T16:16:05+00:00\" \/>\n<meta name=\"twitter:card\" content=\"summary_large_image\" \/>\n<meta name=\"twitter:site\" content=\"@acadparaninfo\" \/>\n<meta name=\"twitter:label1\" content=\"Est. reading time\" \/>\n\t<meta name=\"twitter:data1\" content=\"9 minutes\" \/>\n<script type=\"application\/ld+json\" class=\"yoast-schema-graph\">{\"@context\":\"https:\\\/\\\/schema.org\",\"@graph\":[{\"@type\":\"WebPage\",\"@id\":\"https:\\\/\\\/www.paraninfo.com\\\/en\\\/niveles-oficiales-idiomas\\\/\",\"url\":\"https:\\\/\\\/www.paraninfo.com\\\/en\\\/niveles-oficiales-idiomas\\\/\",\"name\":\"Niveles de las clases de idiomas MCERL - Academia Paraninfo\",\"isPartOf\":{\"@id\":\"https:\\\/\\\/www.paraninfo.com\\\/en\\\/#website\"},\"datePublished\":\"2019-04-17T10:02:26+00:00\",\"dateModified\":\"2021-10-25T16:16:05+00:00\",\"description\":\"Niveles de las clases de idiomas utilizados por Academia Paraninfo en cursos de idiomas, seg\u00fan el baremo oficial del MCER.\",\"breadcrumb\":{\"@id\":\"https:\\\/\\\/www.paraninfo.com\\\/en\\\/niveles-oficiales-idiomas\\\/#breadcrumb\"},\"inLanguage\":\"en-US\",\"potentialAction\":[{\"@type\":\"ReadAction\",\"target\":[\"https:\\\/\\\/www.paraninfo.com\\\/en\\\/niveles-oficiales-idiomas\\\/\"]}]},{\"@type\":\"BreadcrumbList\",\"@id\":\"https:\\\/\\\/www.paraninfo.com\\\/en\\\/niveles-oficiales-idiomas\\\/#breadcrumb\",\"itemListElement\":[{\"@type\":\"ListItem\",\"position\":1,\"name\":\"Portada\",\"item\":\"https:\\\/\\\/www.paraninfo.com\\\/en\\\/\"},{\"@type\":\"ListItem\",\"position\":2,\"name\":\"Niveles de Idiomas\"}]},{\"@type\":\"WebSite\",\"@id\":\"https:\\\/\\\/www.paraninfo.com\\\/en\\\/#website\",\"url\":\"https:\\\/\\\/www.paraninfo.com\\\/en\\\/\",\"name\":\"Academia Paraninfo\",\"description\":\"Otro sitio realizado con WordPress\",\"publisher\":{\"@id\":\"https:\\\/\\\/www.paraninfo.com\\\/en\\\/#organization\"},\"potentialAction\":[{\"@type\":\"SearchAction\",\"target\":{\"@type\":\"EntryPoint\",\"urlTemplate\":\"https:\\\/\\\/www.paraninfo.com\\\/en\\\/?s={search_term_string}\"},\"query-input\":{\"@type\":\"PropertyValueSpecification\",\"valueRequired\":true,\"valueName\":\"search_term_string\"}}],\"inLanguage\":\"en-US\"},{\"@type\":\"Organization\",\"@id\":\"https:\\\/\\\/www.paraninfo.com\\\/en\\\/#organization\",\"name\":\"Academia Paraninfo\",\"url\":\"https:\\\/\\\/www.paraninfo.com\\\/en\\\/\",\"logo\":{\"@type\":\"ImageObject\",\"inLanguage\":\"en-US\",\"@id\":\"https:\\\/\\\/www.paraninfo.com\\\/en\\\/#\\\/schema\\\/logo\\\/image\\\/\",\"url\":\"https:\\\/\\\/www.paraninfo.com\\\/wp-content\\\/uploads\\\/logo-header-paraninfo.png\",\"contentUrl\":\"https:\\\/\\\/www.paraninfo.com\\\/wp-content\\\/uploads\\\/logo-header-paraninfo.png\",\"width\":254,\"height\":60,\"caption\":\"Academia Paraninfo\"},\"image\":{\"@id\":\"https:\\\/\\\/www.paraninfo.com\\\/en\\\/#\\\/schema\\\/logo\\\/image\\\/\"},\"sameAs\":[\"https:\\\/\\\/www.facebook.com\\\/pages\\\/Paraninfo-Best-Language-School-Madrid\\\/148620935194841\",\"https:\\\/\\\/x.com\\\/acadparaninfo\",\"https:\\\/\\\/www.instagram.com\\\/academiaparaninfo\\\/?hl=es\",\"https:\\\/\\\/www.pinterest.es\\\/paraninfoschool\\\/\"]}]}<\/script>\n<!-- \/ Yoast SEO plugin. -->","yoast_head_json":{"title":"Niveles de las clases de idiomas MCERL - Academia Paraninfo","description":"Niveles de las clases de idiomas utilizados por Academia Paraninfo en cursos de idiomas, seg\u00fan el baremo oficial del MCER.","robots":{"index":"index","follow":"follow","max-snippet":"max-snippet:-1","max-image-preview":"max-image-preview:large","max-video-preview":"max-video-preview:-1"},"canonical":"https:\/\/www.paraninfo.com\/en\/niveles-oficiales-idiomas\/","og_locale":"en_US","og_type":"article","og_title":"Niveles de las clases de idiomas MCERL - Academia Paraninfo","og_description":"Niveles de las clases de idiomas utilizados por Academia Paraninfo en cursos de idiomas, seg\u00fan el baremo oficial del MCER.","og_url":"https:\/\/www.paraninfo.com\/en\/niveles-oficiales-idiomas\/","og_site_name":"Academia Paraninfo","article_publisher":"https:\/\/www.facebook.com\/pages\/Paraninfo-Best-Language-School-Madrid\/148620935194841","article_modified_time":"2021-10-25T16:16:05+00:00","twitter_card":"summary_large_image","twitter_site":"@acadparaninfo","twitter_misc":{"Est. reading time":"9 minutes"},"schema":{"@context":"https:\/\/schema.org","@graph":[{"@type":"WebPage","@id":"https:\/\/www.paraninfo.com\/en\/niveles-oficiales-idiomas\/","url":"https:\/\/www.paraninfo.com\/en\/niveles-oficiales-idiomas\/","name":"Niveles de las clases de idiomas MCERL - Academia Paraninfo","isPartOf":{"@id":"https:\/\/www.paraninfo.com\/en\/#website"},"datePublished":"2019-04-17T10:02:26+00:00","dateModified":"2021-10-25T16:16:05+00:00","description":"Niveles de las clases de idiomas utilizados por Academia Paraninfo en cursos de idiomas, seg\u00fan el baremo oficial del MCER.","breadcrumb":{"@id":"https:\/\/www.paraninfo.com\/en\/niveles-oficiales-idiomas\/#breadcrumb"},"inLanguage":"en-US","potentialAction":[{"@type":"ReadAction","target":["https:\/\/www.paraninfo.com\/en\/niveles-oficiales-idiomas\/"]}]},{"@type":"BreadcrumbList","@id":"https:\/\/www.paraninfo.com\/en\/niveles-oficiales-idiomas\/#breadcrumb","itemListElement":[{"@type":"ListItem","position":1,"name":"Portada","item":"https:\/\/www.paraninfo.com\/en\/"},{"@type":"ListItem","position":2,"name":"Niveles de Idiomas"}]},{"@type":"WebSite","@id":"https:\/\/www.paraninfo.com\/en\/#website","url":"https:\/\/www.paraninfo.com\/en\/","name":"Academia Paraninfo","description":"Otro sitio realizado con WordPress","publisher":{"@id":"https:\/\/www.paraninfo.com\/en\/#organization"},"potentialAction":[{"@type":"SearchAction","target":{"@type":"EntryPoint","urlTemplate":"https:\/\/www.paraninfo.com\/en\/?s={search_term_string}"},"query-input":{"@type":"PropertyValueSpecification","valueRequired":true,"valueName":"search_term_string"}}],"inLanguage":"en-US"},{"@type":"Organization","@id":"https:\/\/www.paraninfo.com\/en\/#organization","name":"Academia Paraninfo","url":"https:\/\/www.paraninfo.com\/en\/","logo":{"@type":"ImageObject","inLanguage":"en-US","@id":"https:\/\/www.paraninfo.com\/en\/#\/schema\/logo\/image\/","url":"https:\/\/www.paraninfo.com\/wp-content\/uploads\/logo-header-paraninfo.png","contentUrl":"https:\/\/www.paraninfo.com\/wp-content\/uploads\/logo-header-paraninfo.png","width":254,"height":60,"caption":"Academia Paraninfo"},"image":{"@id":"https:\/\/www.paraninfo.com\/en\/#\/schema\/logo\/image\/"},"sameAs":["https:\/\/www.facebook.com\/pages\/Paraninfo-Best-Language-School-Madrid\/148620935194841","https:\/\/x.com\/acadparaninfo","https:\/\/www.instagram.com\/academiaparaninfo\/?hl=es","https:\/\/www.pinterest.es\/paraninfoschool\/"]}]}},"_links":{"self":[{"href":"https:\/\/www.paraninfo.com\/en\/wp-json\/wp\/v2\/pages\/33912","targetHints":{"allow":["GET"]}}],"collection":[{"href":"https:\/\/www.paraninfo.com\/en\/wp-json\/wp\/v2\/pages"}],"about":[{"href":"https:\/\/www.paraninfo.com\/en\/wp-json\/wp\/v2\/types\/page"}],"author":[{"embeddable":true,"href":"https:\/\/www.paraninfo.com\/en\/wp-json\/wp\/v2\/users\/1"}],"replies":[{"embeddable":true,"href":"https:\/\/www.paraninfo.com\/en\/wp-json\/wp\/v2\/comments?post=33912"}],"version-history":[{"count":0,"href":"https:\/\/www.paraninfo.com\/en\/wp-json\/wp\/v2\/pages\/33912\/revisions"}],"wp:attachment":[{"href":"https:\/\/www.paraninfo.com\/en\/wp-json\/wp\/v2\/media?parent=33912"}],"curies":[{"name":"wp","href":"https:\/\/api.w.org\/{rel}","templated":true}]}}