{"id":33927,"date":"2020-05-28T10:29:59","date_gmt":"2020-05-28T09:29:59","guid":{"rendered":"https:\/\/www.paraninfo.com\/vision-mision\/"},"modified":"2024-03-06T14:38:37","modified_gmt":"2024-03-06T13:38:37","slug":"vision-mision","status":"publish","type":"page","link":"https:\/\/www.paraninfo.com\/en\/spanish-school\/vision-mision\/","title":{"rendered":"Visi\u00f3n, misi\u00f3n y valores de Academia Paraninfo"},"content":{"rendered":"<p><div class=\"fusion-fullwidth fullwidth-box fusion-builder-row-1 nonhundred-percent-fullwidth non-hundred-percent-height-scrolling fusion-no-small-visibility ancho-contenido\" style=\"--awb-border-radius-top-left:0px;--awb-border-radius-top-right:0px;--awb-border-radius-bottom-right:0px;--awb-border-radius-bottom-left:0px;--awb-margin-top:30px;--awb-flex-wrap:wrap;\" ><div class=\"fusion-builder-row fusion-row\"><div class=\"fusion-layout-column fusion_builder_column fusion-builder-column-0 fusion_builder_column_1_1 1_1 fusion-one-full fusion-column-first fusion-column-last icono-separador-cont\" style=\"--awb-bg-size:cover;\"><div class=\"fusion-column-wrapper fusion-column-has-shadow fusion-flex-column-wrapper-legacy\"><div class=\"icono-separador\">\n<i class=\"fas fa-medal fa-lg\"><\/i>\n<\/div><div class=\"fusion-clearfix\"><\/div><\/div><\/div><\/div><\/div><div class=\"fusion-fullwidth fullwidth-box fusion-builder-row-2 nonhundred-percent-fullwidth non-hundred-percent-height-scrolling ancho-contenido\" style=\"--awb-border-radius-top-left:0px;--awb-border-radius-top-right:0px;--awb-border-radius-bottom-right:0px;--awb-border-radius-bottom-left:0px;--awb-flex-wrap:wrap;\" ><div class=\"fusion-builder-row fusion-row\"><div class=\"fusion-layout-column fusion_builder_column fusion-builder-column-1 fusion_builder_column_1_1 1_1 fusion-one-full fusion-column-first fusion-column-last\" style=\"--awb-bg-size:cover;\"><div class=\"fusion-column-wrapper fusion-column-has-shadow fusion-flex-column-wrapper-legacy\"><div class=\"fusion-title title fusion-title-1 fusion-sep-none fusion-title-center fusion-title-text fusion-title-size-one h1-sin-imagen\" style=\"--awb-margin-right-small:0px;--awb-margin-left-small:0px;\"><h1 class=\"fusion-title-heading title-heading-center fusion-responsive-typography-calculated\" style=\"--fontSize:105;line-height:1;\">Visi\u00f3n y misi\u00f3n de Academia\u00a0Paraninfo<\/h1><\/div><div class=\"fusion-clearfix\"><\/div><\/div><\/div><div class=\"fusion-layout-column fusion_builder_column fusion-builder-column-2 fusion_builder_column_1_1 1_1 fusion-one-full fusion-column-first fusion-column-last parrafo-destacado\" style=\"--awb-bg-size:cover;\"><div class=\"fusion-column-wrapper fusion-column-has-shadow fusion-flex-column-wrapper-legacy\"><div class=\"fusion-title title fusion-title-2 fusion-sep-none fusion-title-center fusion-title-text fusion-title-size-two\" style=\"--awb-margin-right-small:0px;--awb-margin-left-small:0px;\"><h2 class=\"fusion-title-heading title-heading-center fusion-responsive-typography-calculated\" style=\"--fontSize:50;line-height:1;\">VISI\u00d3N Y MISI\u00d3N<\/h2><\/div><div class=\"fusion-text fusion-text-1\" style=\"--awb-text-transform:none;\"><p><strong>Ser la escuela l\u00edder en calidad de ense\u00f1anza de espa\u00f1ol como lengua extranjera.<br \/>\n<\/strong><strong>Optimizar continuamente la metodolog\u00eda de ense\u00f1anza de espa\u00f1ol con los profesores m\u00e1s motivados e innovadores e impartir las clases de espa\u00f1ol de la manera m\u00e1s adecuada para nuestros alumnos.<\/strong><\/p>\n<\/div><div class=\"fusion-clearfix\"><\/div><\/div><\/div><div class=\"fusion-layout-column fusion_builder_column fusion-builder-column-3 fusion_builder_column_1_1 1_1 fusion-one-full fusion-column-first fusion-column-last h1-sin-imagen\" style=\"--awb-bg-size:cover;\"><div class=\"fusion-column-wrapper fusion-column-has-shadow fusion-flex-column-wrapper-legacy\"><div class=\"fusion-title title fusion-title-3 fusion-sep-none fusion-title-center fusion-title-text fusion-title-size-two\" style=\"--awb-margin-top:30px;--awb-margin-right-small:0px;--awb-margin-left-small:0px;\"><h2 class=\"fusion-title-heading title-heading-center fusion-responsive-typography-calculated\" style=\"margin:0;--fontSize:50;line-height:1;\">Valores Paraninfo<\/h2><\/div><div class=\"fusion-text fusion-text-2 lista-organizaciones\"><ul class=\"lista-simple-ckeck lista-check-espanol\">\n<li><strong>Orientados al profesor:<\/strong> creemos en el profesor como figura clave y catalizador del aprendizaje. Nos gusta la educaci\u00f3n y la ense\u00f1anza del idioma.<\/li>\n<li><strong>Calidad:<\/strong> desde nuestros inicios, hemos apostado por la excelencia y por una formaci\u00f3n de calidad. Por eso, tenemos acreditaciones de las instituciones m\u00e1s importantes: Oxford, Cambridge, British Council, TOEFL y TOEIC<\/li>\n<li><strong>Honestidad:<\/strong> solamente proponemos planes de estudio con objetivos realistas. No queremos vender ilusiones y opciones que no sean realizables de manera honesta y profesional. Queremos que los alumnos vengan a Paraninfo y que nos recomienden despu\u00e9s.<\/li>\n<li><strong>Fiables:<\/strong> respondemos a lo que prometemos y respondemos r\u00e1pido. Ponemos todo nuestro esfuerzo para cumplir y superar las expectativas de los que conf\u00edan en nosotros.<\/li>\n<li><strong>Ambiciosos:<\/strong> creemos en el poder del aprendizaje de idiomas para cambiar el mundo. Trabajamos siempre para mejorar nuestras clases y llegar m\u00e1s lejos y al m\u00e1ximo n\u00famero de estudiantes posible<\/li>\n<li><strong>Transparentes:<\/strong> decimos lo que pensamos de manera constructiva. No criticamos a las personas. Intentamos ayudar a mejorar. Preguntamos y dejamos que nos pregunten.<\/li>\n<li><strong>Creamos valor para todos:<\/strong> aunque tengamos que rompernos la cabeza, buscamos siempre soluciones en las que todos ganan, teniendo en cuenta a todos nuestros stakeholders.<\/li>\n<li><strong>En mejora continua:<\/strong> sabemos que tenemos que estar en permanente evoluci\u00f3n. Evaluamos los resultados de lo que hacemos en todos los \u00e1mbitos de la empresa y nos preguntamos permanentemente <em>\u00bfc\u00f3mo podemos mejorar?<\/em><\/li>\n<li><strong>Visi\u00f3n de equipo:<\/strong> creemos en que, como equipo, somos mucho m\u00e1s que la suma de las partes. Buscamos la manera de sumar al trabajo de otros y nos preocupamos por el \u00e9xito global, no el individual.<\/li>\n<\/ul>\n<\/div><div class=\"fusion-title title fusion-title-4 fusion-sep-none fusion-title-center fusion-title-text fusion-title-size-two\" style=\"--awb-margin-right-small:0px;--awb-margin-left-small:0px;\"><h2 class=\"fusion-title-heading title-heading-center fusion-responsive-typography-calculated\" style=\"--fontSize:50;line-height:1;\">Stakeholders Paraninfo<\/h2><\/div><div class=\"fusion-text fusion-text-3 margen-logos\"><ul class=\"lista-simple-ckeck lista-check-espanol\">\n<li><strong>Alumnos:<\/strong> nuestro principal foco.<\/li>\n<li><strong>Agentes y distribuidores:<\/strong> relaci\u00f3n respetuosa y de colaboraci\u00f3n.<\/li>\n<li><strong>Profesores y personal no docente:<\/strong> selecci\u00f3n exhaustiva, encaje con la cultura de Paraninfo, voluntad de largo plazo, retribuci\u00f3n justa. Ayudamos al desarrollo personal y profesional y fomentamos la autonom\u00eda.<\/li>\n<li><strong>Instituciones:<\/strong> conexi\u00f3n frecuente y abierta.<\/li>\n<li><strong>Proveedores:<\/strong> relaci\u00f3n respetuosa y de colaboraci\u00f3n.<\/li>\n<\/ul>\n<\/div><div class=\"fusion-clearfix\"><\/div><\/div><\/div><\/div><\/div><\/p>\n","protected":false},"excerpt":{"rendered":"","protected":false},"author":1,"featured_media":0,"parent":10754,"menu_order":0,"comment_status":"closed","ping_status":"closed","template":"","meta":{"footnotes":""},"class_list":["post-33927","page","type-page","status-publish","hentry"],"yoast_head":"<!-- This site is optimized with the Yoast SEO plugin v27.4 - https:\/\/yoast.com\/product\/yoast-seo-wordpress\/ -->\n<title>Visi\u00f3n, misi\u00f3n y valores de Academia Paraninfo - Desde 1973<\/title>\n<meta name=\"description\" content=\"Nos preocupamos por dar a nuestros alumnos la mejor formaci\u00f3n. Conoce la visi\u00f3n, misi\u00f3n y valores de Academia Paraninfo.\" \/>\n<meta name=\"robots\" content=\"index, follow, max-snippet:-1, max-image-preview:large, max-video-preview:-1\" \/>\n<link rel=\"canonical\" href=\"https:\/\/www.paraninfo.com\/en\/spanish-school\/vision-mision\/\" \/>\n<meta property=\"og:locale\" content=\"en_US\" \/>\n<meta property=\"og:type\" content=\"article\" \/>\n<meta property=\"og:title\" content=\"Visi\u00f3n, misi\u00f3n y valores de Academia Paraninfo - Desde 1973\" \/>\n<meta property=\"og:description\" content=\"Nos preocupamos por dar a nuestros alumnos la mejor formaci\u00f3n. Conoce la visi\u00f3n, misi\u00f3n y valores de Academia Paraninfo.\" \/>\n<meta property=\"og:url\" content=\"https:\/\/www.paraninfo.com\/en\/spanish-school\/vision-mision\/\" \/>\n<meta property=\"og:site_name\" content=\"Academia Paraninfo\" \/>\n<meta property=\"article:publisher\" content=\"https:\/\/www.facebook.com\/pages\/Paraninfo-Best-Language-School-Madrid\/148620935194841\" \/>\n<meta property=\"article:modified_time\" content=\"2024-03-06T13:38:37+00:00\" \/>\n<meta name=\"twitter:card\" content=\"summary_large_image\" \/>\n<meta name=\"twitter:site\" content=\"@acadparaninfo\" \/>\n<meta name=\"twitter:label1\" content=\"Est. reading time\" \/>\n\t<meta name=\"twitter:data1\" content=\"6 minutes\" \/>\n<script type=\"application\/ld+json\" class=\"yoast-schema-graph\">{\"@context\":\"https:\\\/\\\/schema.org\",\"@graph\":[{\"@type\":\"WebPage\",\"@id\":\"https:\\\/\\\/www.paraninfo.com\\\/en\\\/spanish-school\\\/vision-mision\\\/\",\"url\":\"https:\\\/\\\/www.paraninfo.com\\\/en\\\/spanish-school\\\/vision-mision\\\/\",\"name\":\"Visi\u00f3n, misi\u00f3n y valores de Academia Paraninfo - Desde 1973\",\"isPartOf\":{\"@id\":\"https:\\\/\\\/www.paraninfo.com\\\/en\\\/#website\"},\"datePublished\":\"2020-05-28T09:29:59+00:00\",\"dateModified\":\"2024-03-06T13:38:37+00:00\",\"description\":\"Nos preocupamos por dar a nuestros alumnos la mejor formaci\u00f3n. Conoce la visi\u00f3n, misi\u00f3n y valores de Academia Paraninfo.\",\"breadcrumb\":{\"@id\":\"https:\\\/\\\/www.paraninfo.com\\\/en\\\/spanish-school\\\/vision-mision\\\/#breadcrumb\"},\"inLanguage\":\"en-US\",\"potentialAction\":[{\"@type\":\"ReadAction\",\"target\":[\"https:\\\/\\\/www.paraninfo.com\\\/en\\\/spanish-school\\\/vision-mision\\\/\"]}]},{\"@type\":\"BreadcrumbList\",\"@id\":\"https:\\\/\\\/www.paraninfo.com\\\/en\\\/spanish-school\\\/vision-mision\\\/#breadcrumb\",\"itemListElement\":[{\"@type\":\"ListItem\",\"position\":1,\"name\":\"Portada\",\"item\":\"https:\\\/\\\/www.paraninfo.com\\\/en\\\/\"},{\"@type\":\"ListItem\",\"position\":2,\"name\":\"Academia de Espa\u00f1ol\",\"item\":\"https:\\\/\\\/www.paraninfo.com\\\/en\\\/spanish-school\\\/\"},{\"@type\":\"ListItem\",\"position\":3,\"name\":\"Visi\u00f3n, misi\u00f3n y valores de Academia Paraninfo\"}]},{\"@type\":\"WebSite\",\"@id\":\"https:\\\/\\\/www.paraninfo.com\\\/en\\\/#website\",\"url\":\"https:\\\/\\\/www.paraninfo.com\\\/en\\\/\",\"name\":\"Academia Paraninfo\",\"description\":\"Otro sitio realizado con WordPress\",\"publisher\":{\"@id\":\"https:\\\/\\\/www.paraninfo.com\\\/en\\\/#organization\"},\"potentialAction\":[{\"@type\":\"SearchAction\",\"target\":{\"@type\":\"EntryPoint\",\"urlTemplate\":\"https:\\\/\\\/www.paraninfo.com\\\/en\\\/?s={search_term_string}\"},\"query-input\":{\"@type\":\"PropertyValueSpecification\",\"valueRequired\":true,\"valueName\":\"search_term_string\"}}],\"inLanguage\":\"en-US\"},{\"@type\":\"Organization\",\"@id\":\"https:\\\/\\\/www.paraninfo.com\\\/en\\\/#organization\",\"name\":\"Academia Paraninfo\",\"url\":\"https:\\\/\\\/www.paraninfo.com\\\/en\\\/\",\"logo\":{\"@type\":\"ImageObject\",\"inLanguage\":\"en-US\",\"@id\":\"https:\\\/\\\/www.paraninfo.com\\\/en\\\/#\\\/schema\\\/logo\\\/image\\\/\",\"url\":\"https:\\\/\\\/www.paraninfo.com\\\/wp-content\\\/uploads\\\/logo-header-paraninfo.png\",\"contentUrl\":\"https:\\\/\\\/www.paraninfo.com\\\/wp-content\\\/uploads\\\/logo-header-paraninfo.png\",\"width\":254,\"height\":60,\"caption\":\"Academia Paraninfo\"},\"image\":{\"@id\":\"https:\\\/\\\/www.paraninfo.com\\\/en\\\/#\\\/schema\\\/logo\\\/image\\\/\"},\"sameAs\":[\"https:\\\/\\\/www.facebook.com\\\/pages\\\/Paraninfo-Best-Language-School-Madrid\\\/148620935194841\",\"https:\\\/\\\/x.com\\\/acadparaninfo\",\"https:\\\/\\\/www.instagram.com\\\/academiaparaninfo\\\/?hl=es\",\"https:\\\/\\\/www.pinterest.es\\\/paraninfoschool\\\/\"]}]}<\/script>\n<!-- \/ Yoast SEO plugin. -->","yoast_head_json":{"title":"Visi\u00f3n, misi\u00f3n y valores de Academia Paraninfo - Desde 1973","description":"Nos preocupamos por dar a nuestros alumnos la mejor formaci\u00f3n. Conoce la visi\u00f3n, misi\u00f3n y valores de Academia Paraninfo.","robots":{"index":"index","follow":"follow","max-snippet":"max-snippet:-1","max-image-preview":"max-image-preview:large","max-video-preview":"max-video-preview:-1"},"canonical":"https:\/\/www.paraninfo.com\/en\/spanish-school\/vision-mision\/","og_locale":"en_US","og_type":"article","og_title":"Visi\u00f3n, misi\u00f3n y valores de Academia Paraninfo - Desde 1973","og_description":"Nos preocupamos por dar a nuestros alumnos la mejor formaci\u00f3n. Conoce la visi\u00f3n, misi\u00f3n y valores de Academia Paraninfo.","og_url":"https:\/\/www.paraninfo.com\/en\/spanish-school\/vision-mision\/","og_site_name":"Academia Paraninfo","article_publisher":"https:\/\/www.facebook.com\/pages\/Paraninfo-Best-Language-School-Madrid\/148620935194841","article_modified_time":"2024-03-06T13:38:37+00:00","twitter_card":"summary_large_image","twitter_site":"@acadparaninfo","twitter_misc":{"Est. reading time":"6 minutes"},"schema":{"@context":"https:\/\/schema.org","@graph":[{"@type":"WebPage","@id":"https:\/\/www.paraninfo.com\/en\/spanish-school\/vision-mision\/","url":"https:\/\/www.paraninfo.com\/en\/spanish-school\/vision-mision\/","name":"Visi\u00f3n, misi\u00f3n y valores de Academia Paraninfo - Desde 1973","isPartOf":{"@id":"https:\/\/www.paraninfo.com\/en\/#website"},"datePublished":"2020-05-28T09:29:59+00:00","dateModified":"2024-03-06T13:38:37+00:00","description":"Nos preocupamos por dar a nuestros alumnos la mejor formaci\u00f3n. Conoce la visi\u00f3n, misi\u00f3n y valores de Academia Paraninfo.","breadcrumb":{"@id":"https:\/\/www.paraninfo.com\/en\/spanish-school\/vision-mision\/#breadcrumb"},"inLanguage":"en-US","potentialAction":[{"@type":"ReadAction","target":["https:\/\/www.paraninfo.com\/en\/spanish-school\/vision-mision\/"]}]},{"@type":"BreadcrumbList","@id":"https:\/\/www.paraninfo.com\/en\/spanish-school\/vision-mision\/#breadcrumb","itemListElement":[{"@type":"ListItem","position":1,"name":"Portada","item":"https:\/\/www.paraninfo.com\/en\/"},{"@type":"ListItem","position":2,"name":"Academia de Espa\u00f1ol","item":"https:\/\/www.paraninfo.com\/en\/spanish-school\/"},{"@type":"ListItem","position":3,"name":"Visi\u00f3n, misi\u00f3n y valores de Academia Paraninfo"}]},{"@type":"WebSite","@id":"https:\/\/www.paraninfo.com\/en\/#website","url":"https:\/\/www.paraninfo.com\/en\/","name":"Academia Paraninfo","description":"Otro sitio realizado con WordPress","publisher":{"@id":"https:\/\/www.paraninfo.com\/en\/#organization"},"potentialAction":[{"@type":"SearchAction","target":{"@type":"EntryPoint","urlTemplate":"https:\/\/www.paraninfo.com\/en\/?s={search_term_string}"},"query-input":{"@type":"PropertyValueSpecification","valueRequired":true,"valueName":"search_term_string"}}],"inLanguage":"en-US"},{"@type":"Organization","@id":"https:\/\/www.paraninfo.com\/en\/#organization","name":"Academia Paraninfo","url":"https:\/\/www.paraninfo.com\/en\/","logo":{"@type":"ImageObject","inLanguage":"en-US","@id":"https:\/\/www.paraninfo.com\/en\/#\/schema\/logo\/image\/","url":"https:\/\/www.paraninfo.com\/wp-content\/uploads\/logo-header-paraninfo.png","contentUrl":"https:\/\/www.paraninfo.com\/wp-content\/uploads\/logo-header-paraninfo.png","width":254,"height":60,"caption":"Academia Paraninfo"},"image":{"@id":"https:\/\/www.paraninfo.com\/en\/#\/schema\/logo\/image\/"},"sameAs":["https:\/\/www.facebook.com\/pages\/Paraninfo-Best-Language-School-Madrid\/148620935194841","https:\/\/x.com\/acadparaninfo","https:\/\/www.instagram.com\/academiaparaninfo\/?hl=es","https:\/\/www.pinterest.es\/paraninfoschool\/"]}]}},"_links":{"self":[{"href":"https:\/\/www.paraninfo.com\/en\/wp-json\/wp\/v2\/pages\/33927","targetHints":{"allow":["GET"]}}],"collection":[{"href":"https:\/\/www.paraninfo.com\/en\/wp-json\/wp\/v2\/pages"}],"about":[{"href":"https:\/\/www.paraninfo.com\/en\/wp-json\/wp\/v2\/types\/page"}],"author":[{"embeddable":true,"href":"https:\/\/www.paraninfo.com\/en\/wp-json\/wp\/v2\/users\/1"}],"replies":[{"embeddable":true,"href":"https:\/\/www.paraninfo.com\/en\/wp-json\/wp\/v2\/comments?post=33927"}],"version-history":[{"count":2,"href":"https:\/\/www.paraninfo.com\/en\/wp-json\/wp\/v2\/pages\/33927\/revisions"}],"predecessor-version":[{"id":46147,"href":"https:\/\/www.paraninfo.com\/en\/wp-json\/wp\/v2\/pages\/33927\/revisions\/46147"}],"up":[{"embeddable":true,"href":"https:\/\/www.paraninfo.com\/en\/wp-json\/wp\/v2\/pages\/10754"}],"wp:attachment":[{"href":"https:\/\/www.paraninfo.com\/en\/wp-json\/wp\/v2\/media?parent=33927"}],"curies":[{"name":"wp","href":"https:\/\/api.w.org\/{rel}","templated":true}]}}